{"id":24,"date":"2023-08-29T07:44:06","date_gmt":"2023-08-29T07:44:06","guid":{"rendered":"https:\/\/circulomercantilalmendralejo.com\/?page_id=24"},"modified":"2026-04-23T10:30:30","modified_gmt":"2026-04-23T10:30:30","slug":"inicio","status":"publish","type":"page","link":"https:\/\/circulomercantilalmendralejo.com\/","title":{"rendered":"Inicio"},"content":{"rendered":"\n<p class=\"has-medium-pink-background-color has-background\"><strong>Para acceder al  men\u00fa a trav\u00e9s de su dispositivo m\u00f3vil, pulse las tres rayitas situadas en la parte superior.<\/strong><\/p>\n\n\n\n<p><\/p>\n\n\n\n<p class=\"has-large-font-size\"><strong>C\u00edrculo Mercantil S.A<\/strong><\/p>\n\n\n\n<p style=\"font-size:19px\">Cien a\u00f1os de historia en pleno centro de Almendralejo<\/p>\n\n\n\n<p><\/p>\n\n\n\n<p class=\"has-medium-font-size\"><strong>Junta General Ordinaria<\/strong><\/p>\n\n\n<div class='photonic-wp-stream photonic-stream ' id='photonic-wp-stream-1'>\n\n\t<div id='photonic-wp-stream-1-container' class='title-display-tooltip photonic-level-1-container sizes-present photonic-auto-padded photonic-standard-layout photonic-thumbnail-effect-none' data-photonic-platform=\"wp\" data-photonic-gallery-columns=\"auto\" data-photonic-query=\"order=ASC&amp;orderby=post__in&amp;id=24&amp;itemtag=figure&amp;icontag=div&amp;captiontag=figcaption&amp;size=thumbnail&amp;include=1948&amp;exclude=&amp;link=&amp;offset=0&amp;layout=square&amp;custom_classes=&amp;alignment=&amp;caption=title&amp;page=1&amp;count=-1&amp;thumb_size=large&amp;slide_size=large&amp;type=default&amp;style=square&amp;display=local&amp;ids=1948&amp;main_size=full&amp;columns=auto\">\n\t\t<figure class='photonic-level-1 photonic-thumb'>\n\t\t\t<a href='https:\/\/circulomercantilalmendralejo.com\/wp-content\/uploads\/2026\/04\/Convocatoria-1.jpg' title='Convocatoria.' rel='lightbox-photonic-wp-stream-1' class='photonic-lb photonic-baguettebox baguettebox' data-photonic-media-type=\"image\" data-content-type=\"image\" data-photonic-deep=\"gallery[photonic-wp-stream-1]\/1948\/\" data-title=\"&lt;a href=&#039;https:\/\/circulomercantilalmendralejo.com\/?attachment_id=1948&#039; &gt;Convocatoria.&lt;\/a&gt;\" data-photonic-tooltip=\"Convocatoria.\">\n\t\t\t\t<img alt='Convocatoria.' class='square' data-src='https:\/\/circulomercantilalmendralejo.com\/wp-content\/uploads\/2026\/04\/Convocatoria-1-681x1024.jpg' loading='lazy' width='660' height='992' \/>\n\t\t\t<\/a>\n\t\t<\/figure>\n\n\t<\/div> <!-- .\/photonic-level-1-container -->\n\t<span id='photonic-wp-stream-1-container-end'><\/span>\n<\/div><!-- .photonic-stream or .photonic-panel -->\n\n\n\n<p><\/p>\n\n\n<div class='photonic-wp-stream photonic-stream ' id='photonic-wp-stream-2'>\n\n\t<div id='photonic-wp-stream-2-container' class='title-display-tooltip photonic-level-1-container sizes-present photonic-auto-padded photonic-standard-layout photonic-thumbnail-effect-none' data-photonic-platform=\"wp\" data-photonic-gallery-columns=\"auto\" data-photonic-query=\"order=ASC&amp;orderby=post__in&amp;id=24&amp;itemtag=figure&amp;icontag=div&amp;captiontag=figcaption&amp;size=thumbnail&amp;include=1725&amp;exclude=&amp;link=&amp;offset=0&amp;layout=square&amp;custom_classes=&amp;alignment=&amp;caption=title&amp;page=1&amp;count=-1&amp;thumb_size=1536x1536&amp;slide_size=large&amp;type=default&amp;style=square&amp;display=local&amp;ids=1725&amp;main_size=2048x2048&amp;columns=auto\">\n\t\t<figure class='photonic-level-1 photonic-thumb'>\n\t\t\t<a href='https:\/\/circulomercantilalmendralejo.com\/wp-content\/uploads\/2025\/01\/WhatsApp-Image-2023-11-07-at-19.08.36-3-1.jpeg' title='' rel='lightbox-photonic-wp-stream-2' class='photonic-lb photonic-baguettebox baguettebox' data-photonic-media-type=\"image\" data-content-type=\"image\" data-photonic-deep=\"gallery[photonic-wp-stream-2]\/1725\/\" data-title=\"&lt;a href=&#039;https:\/\/circulomercantilalmendralejo.com\/?attachment_id=1725&#039; &gt;Ver&lt;\/a&gt;\" data-photonic-tooltip=\"\">\n\t\t\t\t<img alt='' class='square' data-src='https:\/\/circulomercantilalmendralejo.com\/wp-content\/uploads\/2025\/01\/WhatsApp-Image-2023-11-07-at-19.08.36-3-1-1098x1536.jpeg' loading='lazy' width='1098' height='1536' \/>\n\t\t\t<\/a>\n\t\t<\/figure>\n\n\t<\/div> <!-- .\/photonic-level-1-container -->\n\t<span id='photonic-wp-stream-2-container-end'><\/span>\n<\/div><!-- .photonic-stream or .photonic-panel -->\n\n\n\n<p class=\"has-medium-font-size\"><\/p>\n\n\n\n<p><\/p>\n\n\n\n<hr class=\"wp-block-separator has-alpha-channel-opacity\"\/>\n\n\n\n<p>C\u00edrculo Mercantil: <\/p>\n\n\n\n<p>Medalla de Almendralejo<\/p>\n\n\n\n<p>Importante de Amendralejo (CIT  2025)<\/p>\n\n\n\n<p><\/p>\n","protected":false},"excerpt":{"rendered":"<p>Para acceder al men\u00fa a trav\u00e9s de su dispositivo m\u00f3vil, pulse las tres rayitas situadas en la parte superior. C\u00edrculo Mercantil S.A Cien a\u00f1os de historia en pleno centro de Almendralejo Junta General Ordinaria C\u00edrculo Mercantil: Medalla de Almendralejo Importante de Amendralejo (CIT 2025)<\/p>\n","protected":false},"author":1,"featured_media":0,"parent":0,"menu_order":0,"comment_status":"closed","ping_status":"closed","template":"","meta":{"om_disable_all_campaigns":false,"_monsterinsights_skip_tracking":false,"_monsterinsights_sitenote_active":false,"_monsterinsights_sitenote_note":"","_monsterinsights_sitenote_category":0,"_uf_show_specific_survey":0,"_uf_disable_surveys":false,"footnotes":""},"class_list":["post-24","page","type-page","status-publish","hentry"],"yoast_head":"<!-- This site is optimized with the Yoast SEO plugin v27.3 - https:\/\/yoast.com\/product\/yoast-seo-wordpress\/ -->\n<title>Inicio - C\u00edrculo Mercantil S.A<\/title>\n<meta name=\"robots\" content=\"index, follow, max-snippet:-1, max-image-preview:large, max-video-preview:-1\" \/>\n<link rel=\"canonical\" href=\"https:\/\/circulomercantilalmendralejo.com\/\" \/>\n<meta property=\"og:locale\" content=\"es_ES\" \/>\n<meta property=\"og:type\" content=\"article\" \/>\n<meta property=\"og:title\" content=\"Inicio - C\u00edrculo Mercantil S.A\" \/>\n<meta property=\"og:description\" content=\"Para acceder al men\u00fa a trav\u00e9s de su dispositivo m\u00f3vil, pulse las tres rayitas situadas en la parte superior. C\u00edrculo Mercantil S.A Cien a\u00f1os de historia en pleno centro de Almendralejo Junta General Ordinaria C\u00edrculo Mercantil: Medalla de Almendralejo Importante de Amendralejo (CIT 2025)\" \/>\n<meta property=\"og:url\" content=\"https:\/\/circulomercantilalmendralejo.com\/\" \/>\n<meta property=\"og:site_name\" content=\"C\u00edrculo Mercantil S.A\" \/>\n<meta property=\"article:modified_time\" content=\"2026-04-23T10:30:30+00:00\" \/>\n<meta name=\"twitter:card\" content=\"summary_large_image\" \/>\n<meta name=\"twitter:label1\" content=\"Tiempo de lectura\" \/>\n\t<meta name=\"twitter:data1\" content=\"1 minuto\" \/>\n<script type=\"application\/ld+json\" class=\"yoast-schema-graph\">{\"@context\":\"https:\\\/\\\/schema.org\",\"@graph\":[{\"@type\":\"WebPage\",\"@id\":\"https:\\\/\\\/circulomercantilalmendralejo.com\\\/\",\"url\":\"https:\\\/\\\/circulomercantilalmendralejo.com\\\/\",\"name\":\"Inicio - C\u00edrculo Mercantil S.A\",\"isPartOf\":{\"@id\":\"https:\\\/\\\/circulomercantilalmendralejo.com\\\/#website\"},\"datePublished\":\"2023-08-29T07:44:06+00:00\",\"dateModified\":\"2026-04-23T10:30:30+00:00\",\"breadcrumb\":{\"@id\":\"https:\\\/\\\/circulomercantilalmendralejo.com\\\/#breadcrumb\"},\"inLanguage\":\"es\",\"potentialAction\":[{\"@type\":\"ReadAction\",\"target\":[\"https:\\\/\\\/circulomercantilalmendralejo.com\\\/\"]}]},{\"@type\":\"BreadcrumbList\",\"@id\":\"https:\\\/\\\/circulomercantilalmendralejo.com\\\/#breadcrumb\",\"itemListElement\":[{\"@type\":\"ListItem\",\"position\":1,\"name\":\"Portada\",\"item\":\"https:\\\/\\\/circulomercantilalmendralejo.com\\\/\"},{\"@type\":\"ListItem\",\"position\":2,\"name\":\"Inicio\"}]},{\"@type\":\"WebSite\",\"@id\":\"https:\\\/\\\/circulomercantilalmendralejo.com\\\/#website\",\"url\":\"https:\\\/\\\/circulomercantilalmendralejo.com\\\/\",\"name\":\"C\u00edrculo Mercantil S.A\",\"description\":\"El Casino de Almendralejo\",\"publisher\":{\"@id\":\"https:\\\/\\\/circulomercantilalmendralejo.com\\\/#organization\"},\"potentialAction\":[{\"@type\":\"SearchAction\",\"target\":{\"@type\":\"EntryPoint\",\"urlTemplate\":\"https:\\\/\\\/circulomercantilalmendralejo.com\\\/?s={search_term_string}\"},\"query-input\":{\"@type\":\"PropertyValueSpecification\",\"valueRequired\":true,\"valueName\":\"search_term_string\"}}],\"inLanguage\":\"es\"},{\"@type\":\"Organization\",\"@id\":\"https:\\\/\\\/circulomercantilalmendralejo.com\\\/#organization\",\"name\":\"C\u00edrculo Mercantil S.A\",\"url\":\"https:\\\/\\\/circulomercantilalmendralejo.com\\\/\",\"logo\":{\"@type\":\"ImageObject\",\"inLanguage\":\"es\",\"@id\":\"https:\\\/\\\/circulomercantilalmendralejo.com\\\/#\\\/schema\\\/logo\\\/image\\\/\",\"url\":\"https:\\\/\\\/circulomercantilalmendralejo.com\\\/wp-content\\\/uploads\\\/2023\\\/09\\\/cropped-nuevo-logo.png\",\"contentUrl\":\"https:\\\/\\\/circulomercantilalmendralejo.com\\\/wp-content\\\/uploads\\\/2023\\\/09\\\/cropped-nuevo-logo.png\",\"width\":248,\"height\":113,\"caption\":\"C\u00edrculo Mercantil S.A\"},\"image\":{\"@id\":\"https:\\\/\\\/circulomercantilalmendralejo.com\\\/#\\\/schema\\\/logo\\\/image\\\/\"}}]}<\/script>\n<!-- \/ Yoast SEO plugin. -->","yoast_head_json":{"title":"Inicio - C\u00edrculo Mercantil S.A","robots":{"index":"index","follow":"follow","max-snippet":"max-snippet:-1","max-image-preview":"max-image-preview:large","max-video-preview":"max-video-preview:-1"},"canonical":"https:\/\/circulomercantilalmendralejo.com\/","og_locale":"es_ES","og_type":"article","og_title":"Inicio - C\u00edrculo Mercantil S.A","og_description":"Para acceder al men\u00fa a trav\u00e9s de su dispositivo m\u00f3vil, pulse las tres rayitas situadas en la parte superior. C\u00edrculo Mercantil S.A Cien a\u00f1os de historia en pleno centro de Almendralejo Junta General Ordinaria C\u00edrculo Mercantil: Medalla de Almendralejo Importante de Amendralejo (CIT 2025)","og_url":"https:\/\/circulomercantilalmendralejo.com\/","og_site_name":"C\u00edrculo Mercantil S.A","article_modified_time":"2026-04-23T10:30:30+00:00","twitter_card":"summary_large_image","twitter_misc":{"Tiempo de lectura":"1 minuto"},"schema":{"@context":"https:\/\/schema.org","@graph":[{"@type":"WebPage","@id":"https:\/\/circulomercantilalmendralejo.com\/","url":"https:\/\/circulomercantilalmendralejo.com\/","name":"Inicio - C\u00edrculo Mercantil S.A","isPartOf":{"@id":"https:\/\/circulomercantilalmendralejo.com\/#website"},"datePublished":"2023-08-29T07:44:06+00:00","dateModified":"2026-04-23T10:30:30+00:00","breadcrumb":{"@id":"https:\/\/circulomercantilalmendralejo.com\/#breadcrumb"},"inLanguage":"es","potentialAction":[{"@type":"ReadAction","target":["https:\/\/circulomercantilalmendralejo.com\/"]}]},{"@type":"BreadcrumbList","@id":"https:\/\/circulomercantilalmendralejo.com\/#breadcrumb","itemListElement":[{"@type":"ListItem","position":1,"name":"Portada","item":"https:\/\/circulomercantilalmendralejo.com\/"},{"@type":"ListItem","position":2,"name":"Inicio"}]},{"@type":"WebSite","@id":"https:\/\/circulomercantilalmendralejo.com\/#website","url":"https:\/\/circulomercantilalmendralejo.com\/","name":"C\u00edrculo Mercantil S.A","description":"El Casino de Almendralejo","publisher":{"@id":"https:\/\/circulomercantilalmendralejo.com\/#organization"},"potentialAction":[{"@type":"SearchAction","target":{"@type":"EntryPoint","urlTemplate":"https:\/\/circulomercantilalmendralejo.com\/?s={search_term_string}"},"query-input":{"@type":"PropertyValueSpecification","valueRequired":true,"valueName":"search_term_string"}}],"inLanguage":"es"},{"@type":"Organization","@id":"https:\/\/circulomercantilalmendralejo.com\/#organization","name":"C\u00edrculo Mercantil S.A","url":"https:\/\/circulomercantilalmendralejo.com\/","logo":{"@type":"ImageObject","inLanguage":"es","@id":"https:\/\/circulomercantilalmendralejo.com\/#\/schema\/logo\/image\/","url":"https:\/\/circulomercantilalmendralejo.com\/wp-content\/uploads\/2023\/09\/cropped-nuevo-logo.png","contentUrl":"https:\/\/circulomercantilalmendralejo.com\/wp-content\/uploads\/2023\/09\/cropped-nuevo-logo.png","width":248,"height":113,"caption":"C\u00edrculo Mercantil S.A"},"image":{"@id":"https:\/\/circulomercantilalmendralejo.com\/#\/schema\/logo\/image\/"}}]}},"_links":{"self":[{"href":"https:\/\/circulomercantilalmendralejo.com\/index.php?rest_route=\/wp\/v2\/pages\/24","targetHints":{"allow":["GET"]}}],"collection":[{"href":"https:\/\/circulomercantilalmendralejo.com\/index.php?rest_route=\/wp\/v2\/pages"}],"about":[{"href":"https:\/\/circulomercantilalmendralejo.com\/index.php?rest_route=\/wp\/v2\/types\/page"}],"author":[{"embeddable":true,"href":"https:\/\/circulomercantilalmendralejo.com\/index.php?rest_route=\/wp\/v2\/users\/1"}],"replies":[{"embeddable":true,"href":"https:\/\/circulomercantilalmendralejo.com\/index.php?rest_route=%2Fwp%2Fv2%2Fcomments&post=24"}],"version-history":[{"count":142,"href":"https:\/\/circulomercantilalmendralejo.com\/index.php?rest_route=\/wp\/v2\/pages\/24\/revisions"}],"predecessor-version":[{"id":1951,"href":"https:\/\/circulomercantilalmendralejo.com\/index.php?rest_route=\/wp\/v2\/pages\/24\/revisions\/1951"}],"wp:attachment":[{"href":"https:\/\/circulomercantilalmendralejo.com\/index.php?rest_route=%2Fwp%2Fv2%2Fmedia&parent=24"}],"curies":[{"name":"wp","href":"https:\/\/api.w.org\/{rel}","templated":true}]}}