{"id":69,"date":"2023-08-29T10:26:51","date_gmt":"2023-08-29T10:26:51","guid":{"rendered":"https:\/\/circulomercantilalmendralejo.com\/?page_id=69"},"modified":"2023-11-28T09:55:02","modified_gmt":"2023-11-28T09:55:02","slug":"contacto","status":"publish","type":"page","link":"https:\/\/circulomercantilalmendralejo.com\/?page_id=69","title":{"rendered":"Contacto"},"content":{"rendered":"\n<p class=\"has-dark-purple-color has-text-color has-large-font-size\" style=\"font-style:normal;font-weight:600\">Tel\u00e9fonos de inter\u00b4es<\/p>\n\n\n\n<p class=\"has-large-font-size\">    Conserjer\u00eda                                                660113324<\/p>\n\n\n\n<p class=\"has-large-font-size\">     Oficina                                               924661548<\/p>\n\n\n\n<p class=\"has-large-font-size\">    Reposter\u00eda                                      924661018<\/p>\n\n\n\n<p class=\"has-dark-purple-color has-text-color has-large-font-size\" style=\"font-style:normal;font-weight:600\"><\/p>\n\n\n\n<p class=\"has-medium-font-size\"><\/p>\n\n\n\n<p class=\"has-medium-font-size\"> <style id=\"wpforms-css-vars-505\">\n\t\t\t\t#wpforms-505 {\n\t\t\t\t\n\t\t\t}\n\t\t\t<\/style><div class=\"wpforms-container wpforms-container-full wpforms-render-modern\" id=\"wpforms-505\"><form id=\"wpforms-form-505\" class=\"wpforms-validate wpforms-form wpforms-ajax-form\" data-formid=\"505\" method=\"post\" enctype=\"multipart\/form-data\" action=\"\/index.php?rest_route=%2Fwp%2Fv2%2Fpages%2F69\" data-token=\"94f3214b7dd9201bad0bacc5fc02db3b\" data-token-time=\"1777703347\"><noscript class=\"wpforms-error-noscript\">Por favor, activa JavaScript en tu navegador para completar este formulario.<\/noscript><div id=\"wpforms-error-noscript\" style=\"display: none;\">Por favor, activa JavaScript en tu navegador para completar este formulario.<\/div><div class=\"wpforms-field-container\"><div id=\"wpforms-505-field_0-container\" class=\"wpforms-field wpforms-field-name\" data-field-id=\"0\"><fieldset><legend class=\"wpforms-field-label\">Nombre <span class=\"wpforms-required-label\" aria-hidden=\"true\">*<\/span><\/legend><div class=\"wpforms-field-row wpforms-field-medium\"><div class=\"wpforms-field-row-block wpforms-first wpforms-one-half\"><input type=\"text\" id=\"wpforms-505-field_0\" class=\"wpforms-field-name-first wpforms-field-required\" name=\"wpforms[fields][0][first]\" aria-errormessage=\"wpforms-505-field_0-error\" required><label for=\"wpforms-505-field_0\" class=\"wpforms-field-sublabel after\">Nombre<\/label><\/div><div class=\"wpforms-field-row-block wpforms-one-half\"><input type=\"text\" id=\"wpforms-505-field_0-last\" class=\"wpforms-field-name-last wpforms-field-required\" name=\"wpforms[fields][0][last]\" aria-errormessage=\"wpforms-505-field_0-last-error\" required><label for=\"wpforms-505-field_0-last\" class=\"wpforms-field-sublabel after\">Apellidos<\/label><\/div><\/div><\/fieldset><\/div><div id=\"wpforms-505-field_1-container\" class=\"wpforms-field wpforms-field-email\" data-field-id=\"1\"><label class=\"wpforms-field-label\" for=\"wpforms-505-field_1\">Correo electr\u00f3nico <span class=\"wpforms-required-label\" aria-hidden=\"true\">*<\/span><\/label><input type=\"email\" id=\"wpforms-505-field_1\" class=\"wpforms-field-medium wpforms-field-required\" name=\"wpforms[fields][1]\" spellcheck=\"false\" aria-errormessage=\"wpforms-505-field_1-error\" required><\/div><div id=\"wpforms-505-field_2-container\" class=\"wpforms-field wpforms-field-textarea\" data-field-id=\"2\"><label class=\"wpforms-field-label\" for=\"wpforms-505-field_2\">Comentario o mensaje<\/label><textarea id=\"wpforms-505-field_2\" class=\"wpforms-field-medium\" name=\"wpforms[fields][2]\" aria-errormessage=\"wpforms-505-field_2-error\" ><\/textarea><\/div><\/div><!-- .wpforms-field-container --><div class=\"wpforms-recaptcha-container wpforms-is-recaptcha wpforms-is-recaptcha-type-v2\" ><div class=\"g-recaptcha\" data-sitekey=\"6LfzIx8pAAAAAGXDEUA6qIdlL0F0XRtjZWHp7eN3\"><\/div><input type=\"text\" name=\"g-recaptcha-hidden\" class=\"wpforms-recaptcha-hidden\" style=\"position:absolute!important;clip:rect(0,0,0,0)!important;height:1px!important;width:1px!important;border:0!important;overflow:hidden!important;padding:0!important;margin:0!important;\" data-rule-recaptcha=\"1\"><\/div><div class=\"wpforms-submit-container\" ><input type=\"hidden\" name=\"wpforms[id]\" value=\"505\"><input type=\"hidden\" name=\"page_title\" value=\"\"><input type=\"hidden\" name=\"page_url\" value=\"https:\/\/circulomercantilalmendralejo.com\/index.php?rest_route=\/wp\/v2\/pages\/69\"><input type=\"hidden\" name=\"url_referer\" value=\"\"><button type=\"submit\" name=\"wpforms[submit]\" id=\"wpforms-submit-505\" class=\"wpforms-submit\" data-alt-text=\"Enviando...\" data-submit-text=\"Enviar\" aria-live=\"assertive\" value=\"wpforms-submit\">Enviar<\/button><img loading=\"lazy\" decoding=\"async\" src=\"https:\/\/circulomercantilalmendralejo.com\/wp-content\/plugins\/wpforms-lite\/assets\/images\/submit-spin.svg\" class=\"wpforms-submit-spinner\" style=\"display: none;\" width=\"26\" height=\"26\" alt=\"Cargando\"><\/div><\/form><\/div>  <!-- .wpforms-container --><\/p>\n\n\n\n<p class=\"has-purple-color has-text-color has-large-font-size\" style=\"font-style:normal;font-weight:600\">Direcci\u00f3n<\/p>\n\n\n\n<p class=\"has-medium-font-size\">Plaza de la Constituci\u00f3n, 3<\/p>\n\n\n\n<p class=\"has-medium-font-size\">06200 Almendralejo (Badajoz)<\/p>\n\n\n\n<p><\/p>\n\n\n\n<p><\/p>\n\n\n\n<p class=\"has-purple-color has-text-color has-large-font-size\" style=\"font-style:normal;font-weight:600\">C\u00f3mo llegar<\/p>\n\n\n\n<iframe src=\"https:\/\/www.google.com\/maps\/embed?pb=!1m18!1m12!1m3!1d12458.070664494617!2d-6.426853044580086!3d38.68295170000001!2m3!1f0!2f0!3f0!3m2!1i1024!2i768!4f13.1!3m3!1m2!1s0xd16a77cf65145cb%3A0x5b94e9e017c34166!2sC%C3%ADrculo%20Mercantil%20de%20Almendralejo!5e0!3m2!1ses!2ses!4v1694882194697!5m2!1ses!2ses\" width=\"600\" height=\"450\" style=\"border:0;\" allowfullscreen=\"\" loading=\"lazy\" referrerpolicy=\"no-referrer-when-downgrade\"><\/iframe>\n","protected":false},"excerpt":{"rendered":"<p>Tel\u00e9fonos de inter\u00b4es Conserjer\u00eda 660113324 Oficina 924661548 Reposter\u00eda 924661018 Direcci\u00f3n Plaza de la Constituci\u00f3n, 3 06200 Almendralejo (Badajoz) C\u00f3mo llegar<\/p>\n","protected":false},"author":1,"featured_media":0,"parent":0,"menu_order":0,"comment_status":"closed","ping_status":"closed","template":"","meta":{"om_disable_all_campaigns":false,"_monsterinsights_skip_tracking":false,"_monsterinsights_sitenote_active":false,"_monsterinsights_sitenote_note":"","_monsterinsights_sitenote_category":0,"_uf_show_specific_survey":0,"_uf_disable_surveys":false,"footnotes":""},"class_list":["post-69","page","type-page","status-publish","hentry"],"yoast_head":"<!-- This site is optimized with the Yoast SEO plugin v27.3 - https:\/\/yoast.com\/product\/yoast-seo-wordpress\/ -->\n<title>Contacto - C\u00edrculo Mercantil S.A<\/title>\n<meta name=\"robots\" content=\"index, follow, max-snippet:-1, max-image-preview:large, max-video-preview:-1\" \/>\n<link rel=\"canonical\" href=\"https:\/\/circulomercantilalmendralejo.com\/?page_id=69\" \/>\n<meta property=\"og:locale\" content=\"es_ES\" \/>\n<meta property=\"og:type\" content=\"article\" \/>\n<meta property=\"og:title\" content=\"Contacto - C\u00edrculo Mercantil S.A\" \/>\n<meta property=\"og:description\" content=\"Tel\u00e9fonos de inter\u00b4es Conserjer\u00eda 660113324 Oficina 924661548 Reposter\u00eda 924661018 Direcci\u00f3n Plaza de la Constituci\u00f3n, 3 06200 Almendralejo (Badajoz) C\u00f3mo llegar\" \/>\n<meta property=\"og:url\" content=\"https:\/\/circulomercantilalmendralejo.com\/?page_id=69\" \/>\n<meta property=\"og:site_name\" content=\"C\u00edrculo Mercantil S.A\" \/>\n<meta property=\"article:modified_time\" content=\"2023-11-28T09:55:02+00:00\" \/>\n<meta name=\"twitter:card\" content=\"summary_large_image\" \/>\n<meta name=\"twitter:label1\" content=\"Tiempo de lectura\" \/>\n\t<meta name=\"twitter:data1\" content=\"1 minuto\" \/>\n<script type=\"application\/ld+json\" class=\"yoast-schema-graph\">{\"@context\":\"https:\\\/\\\/schema.org\",\"@graph\":[{\"@type\":\"WebPage\",\"@id\":\"https:\\\/\\\/circulomercantilalmendralejo.com\\\/?page_id=69\",\"url\":\"https:\\\/\\\/circulomercantilalmendralejo.com\\\/?page_id=69\",\"name\":\"Contacto - C\u00edrculo Mercantil S.A\",\"isPartOf\":{\"@id\":\"https:\\\/\\\/circulomercantilalmendralejo.com\\\/#website\"},\"datePublished\":\"2023-08-29T10:26:51+00:00\",\"dateModified\":\"2023-11-28T09:55:02+00:00\",\"breadcrumb\":{\"@id\":\"https:\\\/\\\/circulomercantilalmendralejo.com\\\/?page_id=69#breadcrumb\"},\"inLanguage\":\"es\",\"potentialAction\":[{\"@type\":\"ReadAction\",\"target\":[\"https:\\\/\\\/circulomercantilalmendralejo.com\\\/?page_id=69\"]}]},{\"@type\":\"BreadcrumbList\",\"@id\":\"https:\\\/\\\/circulomercantilalmendralejo.com\\\/?page_id=69#breadcrumb\",\"itemListElement\":[{\"@type\":\"ListItem\",\"position\":1,\"name\":\"Portada\",\"item\":\"https:\\\/\\\/circulomercantilalmendralejo.com\\\/\"},{\"@type\":\"ListItem\",\"position\":2,\"name\":\"Contacto\"}]},{\"@type\":\"WebSite\",\"@id\":\"https:\\\/\\\/circulomercantilalmendralejo.com\\\/#website\",\"url\":\"https:\\\/\\\/circulomercantilalmendralejo.com\\\/\",\"name\":\"C\u00edrculo Mercantil S.A\",\"description\":\"El Casino de Almendralejo\",\"publisher\":{\"@id\":\"https:\\\/\\\/circulomercantilalmendralejo.com\\\/#organization\"},\"potentialAction\":[{\"@type\":\"SearchAction\",\"target\":{\"@type\":\"EntryPoint\",\"urlTemplate\":\"https:\\\/\\\/circulomercantilalmendralejo.com\\\/?s={search_term_string}\"},\"query-input\":{\"@type\":\"PropertyValueSpecification\",\"valueRequired\":true,\"valueName\":\"search_term_string\"}}],\"inLanguage\":\"es\"},{\"@type\":\"Organization\",\"@id\":\"https:\\\/\\\/circulomercantilalmendralejo.com\\\/#organization\",\"name\":\"C\u00edrculo Mercantil S.A\",\"url\":\"https:\\\/\\\/circulomercantilalmendralejo.com\\\/\",\"logo\":{\"@type\":\"ImageObject\",\"inLanguage\":\"es\",\"@id\":\"https:\\\/\\\/circulomercantilalmendralejo.com\\\/#\\\/schema\\\/logo\\\/image\\\/\",\"url\":\"https:\\\/\\\/circulomercantilalmendralejo.com\\\/wp-content\\\/uploads\\\/2023\\\/09\\\/cropped-nuevo-logo.png\",\"contentUrl\":\"https:\\\/\\\/circulomercantilalmendralejo.com\\\/wp-content\\\/uploads\\\/2023\\\/09\\\/cropped-nuevo-logo.png\",\"width\":248,\"height\":113,\"caption\":\"C\u00edrculo Mercantil S.A\"},\"image\":{\"@id\":\"https:\\\/\\\/circulomercantilalmendralejo.com\\\/#\\\/schema\\\/logo\\\/image\\\/\"}}]}<\/script>\n<!-- \/ Yoast SEO plugin. -->","yoast_head_json":{"title":"Contacto - C\u00edrculo Mercantil S.A","robots":{"index":"index","follow":"follow","max-snippet":"max-snippet:-1","max-image-preview":"max-image-preview:large","max-video-preview":"max-video-preview:-1"},"canonical":"https:\/\/circulomercantilalmendralejo.com\/?page_id=69","og_locale":"es_ES","og_type":"article","og_title":"Contacto - C\u00edrculo Mercantil S.A","og_description":"Tel\u00e9fonos de inter\u00b4es Conserjer\u00eda 660113324 Oficina 924661548 Reposter\u00eda 924661018 Direcci\u00f3n Plaza de la Constituci\u00f3n, 3 06200 Almendralejo (Badajoz) C\u00f3mo llegar","og_url":"https:\/\/circulomercantilalmendralejo.com\/?page_id=69","og_site_name":"C\u00edrculo Mercantil S.A","article_modified_time":"2023-11-28T09:55:02+00:00","twitter_card":"summary_large_image","twitter_misc":{"Tiempo de lectura":"1 minuto"},"schema":{"@context":"https:\/\/schema.org","@graph":[{"@type":"WebPage","@id":"https:\/\/circulomercantilalmendralejo.com\/?page_id=69","url":"https:\/\/circulomercantilalmendralejo.com\/?page_id=69","name":"Contacto - C\u00edrculo Mercantil S.A","isPartOf":{"@id":"https:\/\/circulomercantilalmendralejo.com\/#website"},"datePublished":"2023-08-29T10:26:51+00:00","dateModified":"2023-11-28T09:55:02+00:00","breadcrumb":{"@id":"https:\/\/circulomercantilalmendralejo.com\/?page_id=69#breadcrumb"},"inLanguage":"es","potentialAction":[{"@type":"ReadAction","target":["https:\/\/circulomercantilalmendralejo.com\/?page_id=69"]}]},{"@type":"BreadcrumbList","@id":"https:\/\/circulomercantilalmendralejo.com\/?page_id=69#breadcrumb","itemListElement":[{"@type":"ListItem","position":1,"name":"Portada","item":"https:\/\/circulomercantilalmendralejo.com\/"},{"@type":"ListItem","position":2,"name":"Contacto"}]},{"@type":"WebSite","@id":"https:\/\/circulomercantilalmendralejo.com\/#website","url":"https:\/\/circulomercantilalmendralejo.com\/","name":"C\u00edrculo Mercantil S.A","description":"El Casino de Almendralejo","publisher":{"@id":"https:\/\/circulomercantilalmendralejo.com\/#organization"},"potentialAction":[{"@type":"SearchAction","target":{"@type":"EntryPoint","urlTemplate":"https:\/\/circulomercantilalmendralejo.com\/?s={search_term_string}"},"query-input":{"@type":"PropertyValueSpecification","valueRequired":true,"valueName":"search_term_string"}}],"inLanguage":"es"},{"@type":"Organization","@id":"https:\/\/circulomercantilalmendralejo.com\/#organization","name":"C\u00edrculo Mercantil S.A","url":"https:\/\/circulomercantilalmendralejo.com\/","logo":{"@type":"ImageObject","inLanguage":"es","@id":"https:\/\/circulomercantilalmendralejo.com\/#\/schema\/logo\/image\/","url":"https:\/\/circulomercantilalmendralejo.com\/wp-content\/uploads\/2023\/09\/cropped-nuevo-logo.png","contentUrl":"https:\/\/circulomercantilalmendralejo.com\/wp-content\/uploads\/2023\/09\/cropped-nuevo-logo.png","width":248,"height":113,"caption":"C\u00edrculo Mercantil S.A"},"image":{"@id":"https:\/\/circulomercantilalmendralejo.com\/#\/schema\/logo\/image\/"}}]}},"_links":{"self":[{"href":"https:\/\/circulomercantilalmendralejo.com\/index.php?rest_route=\/wp\/v2\/pages\/69","targetHints":{"allow":["GET"]}}],"collection":[{"href":"https:\/\/circulomercantilalmendralejo.com\/index.php?rest_route=\/wp\/v2\/pages"}],"about":[{"href":"https:\/\/circulomercantilalmendralejo.com\/index.php?rest_route=\/wp\/v2\/types\/page"}],"author":[{"embeddable":true,"href":"https:\/\/circulomercantilalmendralejo.com\/index.php?rest_route=\/wp\/v2\/users\/1"}],"replies":[{"embeddable":true,"href":"https:\/\/circulomercantilalmendralejo.com\/index.php?rest_route=%2Fwp%2Fv2%2Fcomments&post=69"}],"version-history":[{"count":18,"href":"https:\/\/circulomercantilalmendralejo.com\/index.php?rest_route=\/wp\/v2\/pages\/69\/revisions"}],"predecessor-version":[{"id":520,"href":"https:\/\/circulomercantilalmendralejo.com\/index.php?rest_route=\/wp\/v2\/pages\/69\/revisions\/520"}],"wp:attachment":[{"href":"https:\/\/circulomercantilalmendralejo.com\/index.php?rest_route=%2Fwp%2Fv2%2Fmedia&parent=69"}],"curies":[{"name":"wp","href":"https:\/\/api.w.org\/{rel}","templated":true}]}}